{"id":217,"date":"2026-01-08T02:20:40","date_gmt":"2026-01-08T02:20:40","guid":{"rendered":"https:\/\/protechmexico.com\/?post_type=product&#038;p=217"},"modified":"2026-02-26T02:04:00","modified_gmt":"2026-02-26T02:04:00","slug":"zw3d-cad-cam","status":"publish","type":"product","link":"https:\/\/protechmexico.com\/ko\/product\/zw3d-cad-cam\/","title":{"rendered":"ZW3D CAD\/CAM"},"content":{"rendered":"<h1>Soluci\u00f3n CAx de principio a fin: del concepto a la manufactura<\/h1>\n<div class=\"desc\">Soluci\u00f3n 3D integrada de CAD\/CAE\/CAM y colaboraci\u00f3n para llevar tu desarrollo del concepto a la manufactura, con opciones de cotizaci\u00f3n y una implementaci\u00f3n flexible.<\/div>\n<div class=\"price\">Licencia Perpetua desde <strong>MXN 36,000<\/strong>.<\/div>\n","protected":false},"excerpt":{"rendered":"<p>Soluci\u00f3n 3D integrada de CAD\/CAE\/CAM para el dise\u00f1o de piezas, ensamblajes, moldes hasta la validaci\u00f3n y la manufacturaci\u00f3n.<\/p>\n","protected":false},"featured_media":371,"comment_status":"open","ping_status":"closed","template":"","meta":[],"product_brand":[],"product_cat":[52],"product_tag":[],"class_list":{"0":"post-217","1":"product","2":"type-product","3":"status-publish","4":"has-post-thumbnail","6":"product_cat-uncategorized","8":"first","9":"instock","10":"shipping-taxable","11":"purchasable","12":"product-type-variable"},"yoast_head":"<!-- This site is optimized with the Yoast SEO plugin v27.0 - https:\/\/yoast.com\/product\/yoast-seo-wordpress\/ -->\n<title>ZW3D CAD\/CAM - ProTech<\/title>\n<meta name=\"robots\" content=\"noindex, follow, max-snippet:-1, max-image-preview:large, max-video-preview:-1\" \/>\n<meta property=\"og:locale\" content=\"ko_KR\" \/>\n<meta property=\"og:type\" content=\"article\" \/>\n<meta property=\"og:title\" content=\"ZW3D CAD\/CAM - ProTech\" \/>\n<meta property=\"og:description\" content=\"Soluci\u00f3n 3D integrada de CAD\/CAE\/CAM para el dise\u00f1o de piezas, ensamblajes, moldes hasta la validaci\u00f3n y la manufacturaci\u00f3n.\" \/>\n<meta property=\"og:url\" content=\"https:\/\/protechmexico.com\/ko\/de\/product\/zw3d-cad-cam\/\" \/>\n<meta property=\"og:site_name\" content=\"ProTech\" \/>\n<meta property=\"article:modified_time\" content=\"2026-02-26T02:04:00+00:00\" \/>\n<meta property=\"og:image\" content=\"https:\/\/protechmexico.com\/wp-content\/uploads\/2026\/01\/ZW3D.webp\" \/>\n\t<meta property=\"og:image:width\" content=\"1141\" \/>\n\t<meta property=\"og:image:height\" content=\"1142\" \/>\n\t<meta property=\"og:image:type\" content=\"image\/webp\" \/>\n<meta name=\"twitter:card\" content=\"summary_large_image\" \/>\n<meta name=\"twitter:label1\" content=\"Est. reading time\" \/>\n\t<meta name=\"twitter:data1\" content=\"1 minute\" \/>\n<script type=\"application\/ld+json\" class=\"yoast-schema-graph\">{\"@context\":\"https:\/\/schema.org\",\"@graph\":[{\"@type\":\"WebPage\",\"@id\":\"https:\/\/protechmexico.com\/ko\/de\/product\/zw3d-cad-cam\/\",\"url\":\"https:\/\/protechmexico.com\/ko\/de\/product\/zw3d-cad-cam\/\",\"name\":\"ZW3D CAD\/CAM - ProTech\",\"isPartOf\":{\"@id\":\"https:\/\/protechmexico.com\/ko\/#website\"},\"primaryImageOfPage\":{\"@id\":\"https:\/\/protechmexico.com\/ko\/de\/product\/zw3d-cad-cam\/#primaryimage\"},\"image\":{\"@id\":\"https:\/\/protechmexico.com\/ko\/de\/product\/zw3d-cad-cam\/#primaryimage\"},\"thumbnailUrl\":\"https:\/\/protechmexico.com\/ko\/wp-content\/uploads\/2026\/01\/ZW3D.webp\",\"datePublished\":\"2026-01-08T02:20:40+00:00\",\"dateModified\":\"2026-02-26T02:04:00+00:00\",\"breadcrumb\":{\"@id\":\"https:\/\/protechmexico.com\/ko\/de\/product\/zw3d-cad-cam\/#breadcrumb\"},\"inLanguage\":\"ko_KR\",\"potentialAction\":[{\"@type\":\"ReadAction\",\"target\":[\"https:\/\/protechmexico.com\/ko\/de\/product\/zw3d-cad-cam\/\"]}]},{\"@type\":\"ImageObject\",\"inLanguage\":\"ko_KR\",\"@id\":\"https:\/\/protechmexico.com\/ko\/de\/product\/zw3d-cad-cam\/#primaryimage\",\"url\":\"https:\/\/protechmexico.com\/ko\/wp-content\/uploads\/2026\/01\/ZW3D.webp\",\"contentUrl\":\"https:\/\/protechmexico.com\/ko\/wp-content\/uploads\/2026\/01\/ZW3D.webp\",\"width\":1141,\"height\":1142},{\"@type\":\"BreadcrumbList\",\"@id\":\"https:\/\/protechmexico.com\/ko\/de\/product\/zw3d-cad-cam\/#breadcrumb\",\"itemListElement\":[{\"@type\":\"ListItem\",\"position\":1,\"name\":\"Home\",\"item\":\"https:\/\/protechmexico.com\/ko\/\"},{\"@type\":\"ListItem\",\"position\":2,\"name\":\"Productos\",\"item\":\"https:\/\/protechmexico.com\/ko\/ko\/productos\/\"},{\"@type\":\"ListItem\",\"position\":3,\"name\":\"ZW3D CAD\/CAM\"}]},{\"@type\":\"WebSite\",\"@id\":\"https:\/\/protechmexico.com\/ko\/#website\",\"url\":\"https:\/\/protechmexico.com\/ko\/\",\"name\":\"ProTech\",\"description\":\"\",\"potentialAction\":[{\"@type\":\"SearchAction\",\"target\":{\"@type\":\"EntryPoint\",\"urlTemplate\":\"https:\/\/protechmexico.com\/ko\/?s={search_term_string}\"},\"query-input\":{\"@type\":\"PropertyValueSpecification\",\"valueRequired\":true,\"valueName\":\"search_term_string\"}}],\"inLanguage\":\"ko_KR\"}]}<\/script>\n<!-- \/ Yoast SEO plugin. -->","yoast_head_json":{"title":"ZW3D CAD\/CAM - ProTech","robots":{"index":"noindex","follow":"follow","max-snippet":"max-snippet:-1","max-image-preview":"max-image-preview:large","max-video-preview":"max-video-preview:-1"},"og_locale":"ko_KR","og_type":"article","og_title":"ZW3D CAD\/CAM - ProTech","og_description":"Soluci\u00f3n 3D integrada de CAD\/CAE\/CAM para el dise\u00f1o de piezas, ensamblajes, moldes hasta la validaci\u00f3n y la manufacturaci\u00f3n.","og_url":"https:\/\/protechmexico.com\/ko\/de\/product\/zw3d-cad-cam\/","og_site_name":"ProTech","article_modified_time":"2026-02-26T02:04:00+00:00","og_image":[{"width":1141,"height":1142,"url":"https:\/\/protechmexico.com\/wp-content\/uploads\/2026\/01\/ZW3D.webp","type":"image\/webp"}],"twitter_card":"summary_large_image","twitter_misc":{"Est. reading time":"1 minute"},"schema":{"@context":"https:\/\/schema.org","@graph":[{"@type":"WebPage","@id":"https:\/\/protechmexico.com\/ko\/de\/product\/zw3d-cad-cam\/","url":"https:\/\/protechmexico.com\/ko\/de\/product\/zw3d-cad-cam\/","name":"ZW3D CAD\/CAM - ProTech","isPartOf":{"@id":"https:\/\/protechmexico.com\/ko\/#website"},"primaryImageOfPage":{"@id":"https:\/\/protechmexico.com\/ko\/de\/product\/zw3d-cad-cam\/#primaryimage"},"image":{"@id":"https:\/\/protechmexico.com\/ko\/de\/product\/zw3d-cad-cam\/#primaryimage"},"thumbnailUrl":"https:\/\/protechmexico.com\/ko\/wp-content\/uploads\/2026\/01\/ZW3D.webp","datePublished":"2026-01-08T02:20:40+00:00","dateModified":"2026-02-26T02:04:00+00:00","breadcrumb":{"@id":"https:\/\/protechmexico.com\/ko\/de\/product\/zw3d-cad-cam\/#breadcrumb"},"inLanguage":"ko_KR","potentialAction":[{"@type":"ReadAction","target":["https:\/\/protechmexico.com\/ko\/de\/product\/zw3d-cad-cam\/"]}]},{"@type":"ImageObject","inLanguage":"ko_KR","@id":"https:\/\/protechmexico.com\/ko\/de\/product\/zw3d-cad-cam\/#primaryimage","url":"https:\/\/protechmexico.com\/ko\/wp-content\/uploads\/2026\/01\/ZW3D.webp","contentUrl":"https:\/\/protechmexico.com\/ko\/wp-content\/uploads\/2026\/01\/ZW3D.webp","width":1141,"height":1142},{"@type":"BreadcrumbList","@id":"https:\/\/protechmexico.com\/ko\/de\/product\/zw3d-cad-cam\/#breadcrumb","itemListElement":[{"@type":"ListItem","position":1,"name":"Home","item":"https:\/\/protechmexico.com\/ko\/"},{"@type":"ListItem","position":2,"name":"Productos","item":"https:\/\/protechmexico.com\/ko\/ko\/productos\/"},{"@type":"ListItem","position":3,"name":"ZW3D CAD\/CAM"}]},{"@type":"WebSite","@id":"https:\/\/protechmexico.com\/ko\/#website","url":"https:\/\/protechmexico.com\/ko\/","name":"ProTech","description":"","potentialAction":[{"@type":"SearchAction","target":{"@type":"EntryPoint","urlTemplate":"https:\/\/protechmexico.com\/ko\/?s={search_term_string}"},"query-input":{"@type":"PropertyValueSpecification","valueRequired":true,"valueName":"search_term_string"}}],"inLanguage":"ko_KR"}]}},"_links":{"self":[{"href":"https:\/\/protechmexico.com\/ko\/wp-json\/wp\/v2\/product\/217","targetHints":{"allow":["GET"]}}],"collection":[{"href":"https:\/\/protechmexico.com\/ko\/wp-json\/wp\/v2\/product"}],"about":[{"href":"https:\/\/protechmexico.com\/ko\/wp-json\/wp\/v2\/types\/product"}],"replies":[{"embeddable":true,"href":"https:\/\/protechmexico.com\/ko\/wp-json\/wp\/v2\/comments?post=217"}],"wp:featuredmedia":[{"embeddable":true,"href":"https:\/\/protechmexico.com\/ko\/wp-json\/wp\/v2\/media\/371"}],"wp:attachment":[{"href":"https:\/\/protechmexico.com\/ko\/wp-json\/wp\/v2\/media?parent=217"}],"wp:term":[{"taxonomy":"product_brand","embeddable":true,"href":"https:\/\/protechmexico.com\/ko\/wp-json\/wp\/v2\/product_brand?post=217"},{"taxonomy":"product_cat","embeddable":true,"href":"https:\/\/protechmexico.com\/ko\/wp-json\/wp\/v2\/product_cat?post=217"},{"taxonomy":"product_tag","embeddable":true,"href":"https:\/\/protechmexico.com\/ko\/wp-json\/wp\/v2\/product_tag?post=217"}],"curies":[{"name":"wp","href":"https:\/\/api.w.org\/{rel}","templated":true}]}}