{"id":447,"date":"2026-02-27T03:37:49","date_gmt":"2026-02-27T03:37:49","guid":{"rendered":"https:\/\/protechmexico.com\/?page_id=447"},"modified":"2026-02-27T06:04:55","modified_gmt":"2026-02-27T06:04:55","slug":"terms-of-use","status":"publish","type":"page","link":"https:\/\/protechmexico.com\/ja\/terms-of-use\/","title":{"rendered":"T\u00c9RMINOS DE USO"},"content":{"rendered":"\n<h2 class=\"wp-block-heading\">INFORMACI\u00d3N GENERAL<\/h2>\n\n\n\n<p>Este sitio web es operado por\u00a0Prodrawing Technology SA de CV\u00a0(en adelante, &#8220;ProTech&#8221;). En todo el sitio, los t\u00e9rminos &#8220;nosotros&#8221;, &#8220;nos&#8221; y &#8220;nuestro&#8221; se refieren a ProTech. ProTech ofrece este sitio web, incluyendo toda la informaci\u00f3n, herramientas y servicios disponibles para usted, el usuario, siempre y cuando acepte la totalidad de los t\u00e9rminos, condiciones, pol\u00edticas y avisos aqu\u00ed establecidos.<\/p>\n\n\n\n<p>Al visitar nuestro sitio y\/o contratar alg\u00fan servicio con ProTech, usted participa en nuestro &#8220;Servicio&#8221; y acepta quedar vinculado por los siguientes t\u00e9rminos y condiciones. Estos T\u00e9rminos de Uso se aplican a todos los usuarios del sitio, incluyendo, sin limitaci\u00f3n, aquellos usuarios que sean navegantes, proveedores, clientes, comerciantes y\/o colaboradores de contenido.<\/p>\n\n\n\n<p>Lea estos T\u00e9rminos de Uso detenidamente antes de acceder o utilizar nuestro sitio web. Al acceder o utilizar cualquier parte del sitio, usted acepta estos T\u00e9rminos de Uso. Si no est\u00e1 de acuerdo con todos los t\u00e9rminos y condiciones de este acuerdo, no deber\u00e1 acceder al sitio web ni utilizar ninguno de los servicios.<\/p>\n\n\n\n<p>Cualquier nueva funci\u00f3n o herramienta que se a\u00f1ada al sitio estar\u00e1 sujeta a los T\u00e9rminos de Uso. Puede consultar la versi\u00f3n m\u00e1s actualizada de los T\u00e9rminos de Uso en cualquier momento en esta p\u00e1gina. Nos reservamos el derecho de actualizar, cambiar o sustituir cualquier parte de estos T\u00e9rminos de Uso mediante la publicaci\u00f3n de actualizaciones y\/o cambios en nuestro sitio web. Es su responsabilidad revisar esta p\u00e1gina peri\u00f3dicamente para verificar los cambios. El uso continuado o el acceso al sitio web despu\u00e9s de la publicaci\u00f3n de cualquier cambio constituye la aceptaci\u00f3n de dichos cambios.<\/p>\n\n\n\n<h2 class=\"wp-block-heading\">SERVICIOS<\/h2>\n\n\n\n<p>(a) ProTech proporcionar\u00e1 los servicios establecidos en este sitio web, los cuales ser\u00e1n prestados en favor del cliente que los contrate (el &#8220;Cliente&#8221;).<br>(b) Adem\u00e1s de cumplir con estos T\u00e9rminos, el Cliente acepta seguir todas las reglas, procedimientos, t\u00e9rminos y condiciones que rijan cualquier sitio web de ProTech o servicio contratado.<br>(c) El Cliente acepta que ProTech puede terminar sus derechos de acceso a los Servicios si determina, a su entera discreci\u00f3n, que el Cliente ha violado estos T\u00e9rminos o cualquier otra condici\u00f3n aplicable, o que ha utilizado los Servicios para cualquier fin inapropiado.<\/p>\n\n\n\n<h2 class=\"wp-block-heading\">VIGENCIA Y TERMINACI\u00d3N<\/h2>\n\n\n\n<p>(a) El plazo de vigencia de este acuerdo y los t\u00e9rminos de renovaci\u00f3n se establecer\u00e1n entre las partes para los Servicios contratados por el Cliente a ProTech.<br>(b) ProTech podr\u00e1 terminar este acuerdo y\/o el uso por parte del Cliente de los Servicios o Sitios de forma inmediata: (i) en caso de que el Cliente incumpla cualquier t\u00e9rmino del acuerdo o de estas Condiciones, incluyendo, entre otros, la falta de pago cuando sea debido; (ii) en caso de que ProTech ya no tenga el derecho o licencia para proporcionar sus Servicios; o (iii) por cualquier otra raz\u00f3n que, a su entera discreci\u00f3n, determine que ProTech cumple con sus objetivos y metas comerciales. En caso de terminaci\u00f3n del Contrato, sin limitaci\u00f3n de los derechos de ProTech, el Cliente pagar\u00e1 inmediatamente todas las cantidades debidas hasta la fecha de dicha terminaci\u00f3n.<\/p>\n\n\n\n<h2 class=\"wp-block-heading\">DECLARACIONES Y ACUERDOS DEL CLIENTE<\/h2>\n\n\n\n<p>(a) El Cliente declara y garantiza que todos y cada uno de los materiales o contenidos proporcionados o producidos por el Cliente (&#8220;Contenido del Cliente&#8221;): (a) no violar\u00e1n ninguna ley, reglamento u ordenanza aplicable; (b) no infringir\u00e1n ni violar\u00e1n de manera alguna ning\u00fan derecho de autor, patente, marca registrada u otro derecho de propiedad intelectual de terceros; (c) no violar\u00e1n ning\u00fan deber o derecho de ninguna persona o entidad, incluyendo, entre otros, derechos de publicidad o privacidad, ni constituir\u00e1n fraude, responsabilidad civil, da\u00f1o o perjuicio de cualquier tipo a persona o entidad alguna; (d) no contendr\u00e1n material o informaci\u00f3n que constituya difamaci\u00f3n, calumnia o injuria, o que amenace o vulnere los derechos de terceros; y (e) no deber\u00e1n contener texto u otro material que sea falso o enga\u00f1oso. El Cliente tambi\u00e9n declara y garantiza que tiene el derecho de aceptar estos T\u00e9rminos. ProTech no tiene la responsabilidad de revisar el contenido del Cliente.<br>(b) Por la presente, el Cliente otorga a ProTech acceso limitado a su propiedad intelectual, con el fin de cumplir con la prestaci\u00f3n de sus servicios. Sin embargo, esto no significa que ProTech tendr\u00e1 derecho a utilizar dicha informaci\u00f3n para otros fines que no sean los establecidos en estos T\u00e9rminos y Condiciones.<br>(c) El Cliente no anunciar\u00e1 nada ilegal ni incurrir\u00e1 en ninguna pr\u00e1ctica comercial ilegal o fraudulenta en relaci\u00f3n con el uso de los Servicios.<\/p>\n\n\n\n<h2 class=\"wp-block-heading\">PRIVACIDAD; USO DE DATOS; PROPIEDAD<\/h2>\n\n\n\n<p>(a) El Cliente entiende y acepta que ProTech puede utilizar cookies, web beacons u otras tecnolog\u00edas para recopilar datos no personalmente identificables en relaci\u00f3n con los Servicios y estos T\u00e9rminos, lo que puede incluir, entre otros, informaci\u00f3n como la direcci\u00f3n IP de un usuario web, las p\u00e1ginas web vistas, la fecha y hora, el tipo de dominio y las respuestas de un usuario web. El Cliente declara y garantiza que la contrataci\u00f3n de los Servicios proporcionados por ProTech a trav\u00e9s de los Sitios no viola su propia pol\u00edtica de privacidad.<br>(b) El t\u00edtulo y todos los derechos de propiedad sobre los Servicios y Sitios, junto con todas y cada una de las ideas, conceptos, patentes, marcas comerciales, derechos de autor y otras tecnolog\u00edas que sustenten o se relacionen con el funcionamiento de los Servicios y Sitios (colectivamente, los &#8220;Materiales&#8221;) ser\u00e1n mantenidos en todo momento exclusivamente por ProTech y\/o sus afiliados y proveedores, seg\u00fan corresponda. Las partes reconocen que no han adquirido ni adquirir\u00e1n ning\u00fan derecho de propiedad sobre los Materiales en virtud del presente acuerdo.<\/p>\n\n\n\n<h2 class=\"wp-block-heading\">LIMITACI\u00d3N DE RESPONSABILIDAD<\/h2>\n\n\n\n<p>(a) PROECH NO TENDR\u00c1 NINGUNA RESPONSABILIDAD ANTE EL CLIENTE POR P\u00c9RDIDA DE BENEFICIOS U OTROS DA\u00d1OS CONSECUENTES, ESPECIALES, INDIRECTOS O INCIDENTALES, BASADOS EN UNA RECLAMACI\u00d3N DE CUALQUIER TIPO O NATURALEZA (INCLUYENDO, SIN LIMITACI\u00d3N, NEGLIGENCIA, AGRAVIO O RESPONSABILIDAD ESTRICTA), INCLUSO SI SE LE ADVIRTI\u00d3 DE LA POSIBILIDAD DE DICHOS DA\u00d1OS.<br>(b) PROECH NO SER\u00c1 RESPONSABLE DEL CONTENIDO DE NINGUNA PUBLICIDAD, SITIOS WEB O P\u00c1GINAS WEB EN LAS QUE PUEDA MOSTRARSE EL CONTENIDO DEL CLIENTE. PROECH NO SER\u00c1 RESPONSABLE DE LAS ACTIVIDADES DE LOS VISITANTES DE LOS SITIOS. EL CLIENTE RECONOCE Y ACEPTA QUE PROECH NO ES RESPONSABLE DE NING\u00daN ERROR U OMISI\u00d3N EN EL CONTENIDO DEL CLIENTE O DE QUE EL CONTENIDO DEL CLIENTE NO SEA EXPUESTO.<\/p>\n\n\n\n<h2 class=\"wp-block-heading\">AUSENCIA DE RELACI\u00d3N; CESI\u00d3N<\/h2>\n\n\n\n<p>(a) Las partes son contratistas independientes y este acuerdo no se interpretar\u00e1 como la creaci\u00f3n de una agencia, sociedad, empresa conjunta u otra relaci\u00f3n entre las partes.<br>(b) El Cliente no podr\u00e1, sin el consentimiento previo por escrito de ProTech, ceder o transferir este acuerdo o cualquiera de sus derechos en virtud del mismo, ya sea por disposici\u00f3n de la ley o de otro modo. El Cliente acepta que cualquiera de sus agentes, representantes, empleados o cualquier persona o entidad que act\u00fae en su nombre con respecto al uso de los Servicios, estar\u00e1 sujeto y cumplir\u00e1 con estos T\u00e9rminos.<\/p>\n\n\n\n<h2 class=\"wp-block-heading\">JURISDICCI\u00d3N Y LEYES APLICABLES<\/h2>\n\n\n\n<p>Cualquier disputa o controversia derivada o relacionada con la interpretaci\u00f3n, construcci\u00f3n, ejecuci\u00f3n o incumplimiento de estos T\u00e9rminos y\/o el uso por parte de los Clientes de los Sitios o los Servicios, se regir\u00e1 exclusivamente por las leyes de los Estados Unidos Mexicanos, espec\u00edficamente las de la\u00a0Ciudad de M\u00e9xico, independientemente de sus disposiciones sobre conflicto de leyes. Las partes acuerdan someterse a la jurisdicci\u00f3n personal de los tribunales federales y locales de la\u00a0Ciudad de M\u00e9xico, los cuales ser\u00e1n la sede exclusiva para la resoluci\u00f3n de cualquier controversia.<\/p>\n","protected":false},"excerpt":{"rendered":"<p>INFORMACI\u00d3N GENERAL Este sitio web es operado por\u00a0Prodrawing Technology SA de CV\u00a0(en adelante, &#8220;ProTech&#8221;). En todo el sitio, los t\u00e9rminos &#8220;nosotros&#8221;, &#8220;nos&#8221; y &#8220;nuestro&#8221; se refieren a ProTech. ProTech ofrece este sitio web, incluyendo toda la informaci\u00f3n, herramientas y servicios disponibles para usted, el usuario, siempre y cuando acepte la totalidad de los t\u00e9rminos, condiciones, [&hellip;]<\/p>\n","protected":false},"author":1,"featured_media":0,"parent":0,"menu_order":0,"comment_status":"closed","ping_status":"closed","template":"","meta":{"footnotes":""},"class_list":["post-447","page","type-page","status-publish","hentry"],"yoast_head":"<!-- This site is optimized with the Yoast SEO plugin v27.0 - https:\/\/yoast.com\/product\/yoast-seo-wordpress\/ -->\n<title>T\u00c9RMINOS DE USO - ProTech<\/title>\n<meta name=\"robots\" content=\"noindex, follow, max-snippet:-1, max-image-preview:large, max-video-preview:-1\" \/>\n<meta property=\"og:locale\" content=\"ja_JP\" \/>\n<meta property=\"og:type\" content=\"article\" \/>\n<meta property=\"og:title\" content=\"T\u00c9RMINOS DE USO - ProTech\" \/>\n<meta property=\"og:description\" content=\"INFORMACI\u00d3N GENERAL Este sitio web es operado por\u00a0Prodrawing Technology SA de CV\u00a0(en adelante, &#8220;ProTech&#8221;). En todo el sitio, los t\u00e9rminos &#8220;nosotros&#8221;, &#8220;nos&#8221; y &#8220;nuestro&#8221; se refieren a ProTech. ProTech ofrece este sitio web, incluyendo toda la informaci\u00f3n, herramientas y servicios disponibles para usted, el usuario, siempre y cuando acepte la totalidad de los t\u00e9rminos, condiciones, [&hellip;]\" \/>\n<meta property=\"og:url\" content=\"https:\/\/protechmexico.com\/ja\/de\/terms-of-use\/\" \/>\n<meta property=\"og:site_name\" content=\"ProTech\" \/>\n<meta property=\"article:modified_time\" content=\"2026-02-27T06:04:55+00:00\" \/>\n<meta name=\"twitter:card\" content=\"summary_large_image\" \/>\n<meta name=\"twitter:label1\" content=\"Est. reading time\" \/>\n\t<meta name=\"twitter:data1\" content=\"6 minutes\" \/>\n<script type=\"application\/ld+json\" class=\"yoast-schema-graph\">{\"@context\":\"https:\/\/schema.org\",\"@graph\":[{\"@type\":\"WebPage\",\"@id\":\"https:\/\/protechmexico.com\/ja\/de\/terms-of-use\/\",\"url\":\"https:\/\/protechmexico.com\/ja\/de\/terms-of-use\/\",\"name\":\"T\u00c9RMINOS DE USO - ProTech\",\"isPartOf\":{\"@id\":\"https:\/\/protechmexico.com\/ja\/#website\"},\"datePublished\":\"2026-02-27T03:37:49+00:00\",\"dateModified\":\"2026-02-27T06:04:55+00:00\",\"breadcrumb\":{\"@id\":\"https:\/\/protechmexico.com\/ja\/de\/terms-of-use\/#breadcrumb\"},\"inLanguage\":\"ja_JP\",\"potentialAction\":[{\"@type\":\"ReadAction\",\"target\":[\"https:\/\/protechmexico.com\/ja\/de\/terms-of-use\/\"]}]},{\"@type\":\"BreadcrumbList\",\"@id\":\"https:\/\/protechmexico.com\/ja\/de\/terms-of-use\/#breadcrumb\",\"itemListElement\":[{\"@type\":\"ListItem\",\"position\":1,\"name\":\"Home\",\"item\":\"https:\/\/protechmexico.com\/ja\/\"},{\"@type\":\"ListItem\",\"position\":2,\"name\":\"T\u00c9RMINOS DE USO\"}]},{\"@type\":\"WebSite\",\"@id\":\"https:\/\/protechmexico.com\/ja\/#website\",\"url\":\"https:\/\/protechmexico.com\/ja\/\",\"name\":\"ProTech\",\"description\":\"\",\"potentialAction\":[{\"@type\":\"SearchAction\",\"target\":{\"@type\":\"EntryPoint\",\"urlTemplate\":\"https:\/\/protechmexico.com\/ja\/?s={search_term_string}\"},\"query-input\":{\"@type\":\"PropertyValueSpecification\",\"valueRequired\":true,\"valueName\":\"search_term_string\"}}],\"inLanguage\":\"ja_JP\"}]}<\/script>\n<!-- \/ Yoast SEO plugin. -->","yoast_head_json":{"title":"T\u00c9RMINOS DE USO - ProTech","robots":{"index":"noindex","follow":"follow","max-snippet":"max-snippet:-1","max-image-preview":"max-image-preview:large","max-video-preview":"max-video-preview:-1"},"og_locale":"ja_JP","og_type":"article","og_title":"T\u00c9RMINOS DE USO - ProTech","og_description":"INFORMACI\u00d3N GENERAL Este sitio web es operado por\u00a0Prodrawing Technology SA de CV\u00a0(en adelante, &#8220;ProTech&#8221;). En todo el sitio, los t\u00e9rminos &#8220;nosotros&#8221;, &#8220;nos&#8221; y &#8220;nuestro&#8221; se refieren a ProTech. ProTech ofrece este sitio web, incluyendo toda la informaci\u00f3n, herramientas y servicios disponibles para usted, el usuario, siempre y cuando acepte la totalidad de los t\u00e9rminos, condiciones, [&hellip;]","og_url":"https:\/\/protechmexico.com\/ja\/de\/terms-of-use\/","og_site_name":"ProTech","article_modified_time":"2026-02-27T06:04:55+00:00","twitter_card":"summary_large_image","twitter_misc":{"Est. reading time":"6 minutes"},"schema":{"@context":"https:\/\/schema.org","@graph":[{"@type":"WebPage","@id":"https:\/\/protechmexico.com\/ja\/de\/terms-of-use\/","url":"https:\/\/protechmexico.com\/ja\/de\/terms-of-use\/","name":"T\u00c9RMINOS DE USO - ProTech","isPartOf":{"@id":"https:\/\/protechmexico.com\/ja\/#website"},"datePublished":"2026-02-27T03:37:49+00:00","dateModified":"2026-02-27T06:04:55+00:00","breadcrumb":{"@id":"https:\/\/protechmexico.com\/ja\/de\/terms-of-use\/#breadcrumb"},"inLanguage":"ja_JP","potentialAction":[{"@type":"ReadAction","target":["https:\/\/protechmexico.com\/ja\/de\/terms-of-use\/"]}]},{"@type":"BreadcrumbList","@id":"https:\/\/protechmexico.com\/ja\/de\/terms-of-use\/#breadcrumb","itemListElement":[{"@type":"ListItem","position":1,"name":"Home","item":"https:\/\/protechmexico.com\/ja\/"},{"@type":"ListItem","position":2,"name":"T\u00c9RMINOS DE USO"}]},{"@type":"WebSite","@id":"https:\/\/protechmexico.com\/ja\/#website","url":"https:\/\/protechmexico.com\/ja\/","name":"ProTech","description":"","potentialAction":[{"@type":"SearchAction","target":{"@type":"EntryPoint","urlTemplate":"https:\/\/protechmexico.com\/ja\/?s={search_term_string}"},"query-input":{"@type":"PropertyValueSpecification","valueRequired":true,"valueName":"search_term_string"}}],"inLanguage":"ja_JP"}]}},"_links":{"self":[{"href":"https:\/\/protechmexico.com\/ja\/wp-json\/wp\/v2\/pages\/447","targetHints":{"allow":["GET"]}}],"collection":[{"href":"https:\/\/protechmexico.com\/ja\/wp-json\/wp\/v2\/pages"}],"about":[{"href":"https:\/\/protechmexico.com\/ja\/wp-json\/wp\/v2\/types\/page"}],"author":[{"embeddable":true,"href":"https:\/\/protechmexico.com\/ja\/wp-json\/wp\/v2\/users\/1"}],"replies":[{"embeddable":true,"href":"https:\/\/protechmexico.com\/ja\/wp-json\/wp\/v2\/comments?post=447"}],"version-history":[{"count":3,"href":"https:\/\/protechmexico.com\/ja\/wp-json\/wp\/v2\/pages\/447\/revisions"}],"predecessor-version":[{"id":455,"href":"https:\/\/protechmexico.com\/ja\/wp-json\/wp\/v2\/pages\/447\/revisions\/455"}],"wp:attachment":[{"href":"https:\/\/protechmexico.com\/ja\/wp-json\/wp\/v2\/media?parent=447"}],"curies":[{"name":"wp","href":"https:\/\/api.w.org\/{rel}","templated":true}]}}